{"id":271,"date":"2019-02-19T23:56:37","date_gmt":"2019-02-20T02:56:37","guid":{"rendered":"http:\/\/temp.cox.net.br\/page\/?page_id=271"},"modified":"2019-02-20T19:02:06","modified_gmt":"2019-02-20T22:02:06","slug":"reestruturacao","status":"publish","type":"page","link":"https:\/\/cox.net.br\/page\/reestruturacao\/","title":{"rendered":"REESTRUTURA\u00c7\u00c3O"},"content":{"rendered":"\t\t<div data-elementor-type=\"wp-post\" data-elementor-id=\"271\" class=\"elementor elementor-271 elementor-bc-flex-widget\">\n\t\t\t\t\t\t<section class=\"elementor-section elementor-top-section elementor-element elementor-element-416f3fd elementor-section-boxed elementor-section-height-default elementor-section-height-default\" data-id=\"416f3fd\" data-element_type=\"section\">\n\t\t\t\t\t\t<div class=\"elementor-container elementor-column-gap-default\">\n\t\t\t\t\t<div class=\"elementor-column elementor-col-100 elementor-top-column elementor-element elementor-element-f9e1745\" data-id=\"f9e1745\" data-element_type=\"column\">\n\t\t\t<div class=\"elementor-widget-wrap elementor-element-populated\">\n\t\t\t\t\t\t<div class=\"elementor-element elementor-element-bc31689 elementor-widget elementor-widget-heading\" data-id=\"bc31689\" data-element_type=\"widget\" data-widget_type=\"heading.default\">\n\t\t\t\t<div class=\"elementor-widget-container\">\n\t\t\t<h2 class=\"elementor-heading-title elementor-size-default\">REESTRUTURA\u00c7\u00c3O<\/h2>\t\t<\/div>\n\t\t\t\t<\/div>\n\t\t\t\t<div class=\"elementor-element elementor-element-9747195 elementor-widget elementor-widget-text-editor\" data-id=\"9747195\" data-element_type=\"widget\" data-widget_type=\"text-editor.default\">\n\t\t\t\t<div class=\"elementor-widget-container\">\n\t\t\t\t\t\t\t<ul><li>Alongamento de d\u00edvidas e Renegocia\u00e7\u00e3o de taxas de juros<\/li><li>Turn-around<\/li><li>Adequa\u00e7\u00e3o da estrutura de custos frente \u00e0s suas receitas<\/li><li>Revis\u00e3o do quadro da alta e media ger\u00eancia<\/li><li>Gerenciamento de Crises<\/li><\/ul>\t\t\t\t\t\t<\/div>\n\t\t\t\t<\/div>\n\t\t\t\t<div class=\"elementor-element elementor-element-43945e3 elementor-widget elementor-widget-spacer\" data-id=\"43945e3\" data-element_type=\"widget\" data-widget_type=\"spacer.default\">\n\t\t\t\t<div class=\"elementor-widget-container\">\n\t\t\t\t\t<div class=\"elementor-spacer\">\n\t\t\t<div class=\"elementor-spacer-inner\"><\/div>\n\t\t<\/div>\n\t\t\t\t<\/div>\n\t\t\t\t<\/div>\n\t\t\t\t<div class=\"elementor-element elementor-element-5768033 elementor-widget elementor-widget-image-gallery\" data-id=\"5768033\" data-element_type=\"widget\" data-widget_type=\"image-gallery.default\">\n\t\t\t\t<div class=\"elementor-widget-container\">\n\t\t\t\t\t<div class=\"elementor-image-gallery\">\n\t\t\t<div id='gallery-1' class='gallery galleryid-271 gallery-columns-4 gallery-size-thumbnail'><figure class='gallery-item'>\n\t\t\t<div class='gallery-icon landscape'>\n\t\t\t\t<a data-elementor-open-lightbox=\"yes\" data-elementor-lightbox-slideshow=\"5768033\" data-elementor-lightbox-title=\"Screen_Shot_2017-02-02_at_1.55.35_PM_waetbk\" data-e-action-hash=\"#elementor-action%3Aaction%3Dlightbox%26settings%3DeyJpZCI6MjczLCJ1cmwiOiJodHRwczpcL1wvY294Lm5ldC5iclwvcGFnZVwvd3AtY29udGVudFwvdXBsb2Fkc1wvMjAxOVwvMDJcL1NjcmVlbl9TaG90XzIwMTctMDItMDJfYXRfMS41NS4zNV9QTV93YWV0YmsuanBnIiwic2xpZGVzaG93IjoiNTc2ODAzMyJ9\" href='https:\/\/cox.net.br\/page\/wp-content\/uploads\/2019\/02\/Screen_Shot_2017-02-02_at_1.55.35_PM_waetbk.jpg'><img decoding=\"async\" width=\"150\" height=\"150\" src=\"https:\/\/cox.net.br\/page\/wp-content\/uploads\/2019\/02\/Screen_Shot_2017-02-02_at_1.55.35_PM_waetbk-150x150.jpg\" class=\"attachment-thumbnail size-thumbnail\" alt=\"\" srcset=\"https:\/\/cox.net.br\/page\/wp-content\/uploads\/2019\/02\/Screen_Shot_2017-02-02_at_1.55.35_PM_waetbk-150x150.jpg 150w, https:\/\/cox.net.br\/page\/wp-content\/uploads\/2019\/02\/Screen_Shot_2017-02-02_at_1.55.35_PM_waetbk.jpg 180w\" sizes=\"(max-width: 150px) 100vw, 150px\" \/><\/a>\n\t\t\t<\/div><\/figure><figure class='gallery-item'>\n\t\t\t<div class='gallery-icon landscape'>\n\t\t\t\t<a data-elementor-open-lightbox=\"yes\" data-elementor-lightbox-slideshow=\"5768033\" data-elementor-lightbox-title=\"Screen_Shot_2017-02-02_at_1.55.40_PM_jpmhvz\" data-e-action-hash=\"#elementor-action%3Aaction%3Dlightbox%26settings%3DeyJpZCI6Mjc0LCJ1cmwiOiJodHRwczpcL1wvY294Lm5ldC5iclwvcGFnZVwvd3AtY29udGVudFwvdXBsb2Fkc1wvMjAxOVwvMDJcL1NjcmVlbl9TaG90XzIwMTctMDItMDJfYXRfMS41NS40MF9QTV9qcG1odnoucG5nIiwic2xpZGVzaG93IjoiNTc2ODAzMyJ9\" href='https:\/\/cox.net.br\/page\/wp-content\/uploads\/2019\/02\/Screen_Shot_2017-02-02_at_1.55.40_PM_jpmhvz.png'><img decoding=\"async\" width=\"150\" height=\"150\" src=\"https:\/\/cox.net.br\/page\/wp-content\/uploads\/2019\/02\/Screen_Shot_2017-02-02_at_1.55.40_PM_jpmhvz-150x150.png\" class=\"attachment-thumbnail size-thumbnail\" alt=\"\" srcset=\"https:\/\/cox.net.br\/page\/wp-content\/uploads\/2019\/02\/Screen_Shot_2017-02-02_at_1.55.40_PM_jpmhvz-150x150.png 150w, https:\/\/cox.net.br\/page\/wp-content\/uploads\/2019\/02\/Screen_Shot_2017-02-02_at_1.55.40_PM_jpmhvz.png 186w\" sizes=\"(max-width: 150px) 100vw, 150px\" \/><\/a>\n\t\t\t<\/div><\/figure><figure class='gallery-item'>\n\t\t\t<div class='gallery-icon portrait'>\n\t\t\t\t<a data-elementor-open-lightbox=\"yes\" data-elementor-lightbox-slideshow=\"5768033\" data-elementor-lightbox-title=\"Screen_Shot_2017-02-02_at_1.55.45_PM_suqscb\" data-e-action-hash=\"#elementor-action%3Aaction%3Dlightbox%26settings%3DeyJpZCI6Mjc1LCJ1cmwiOiJodHRwczpcL1wvY294Lm5ldC5iclwvcGFnZVwvd3AtY29udGVudFwvdXBsb2Fkc1wvMjAxOVwvMDJcL1NjcmVlbl9TaG90XzIwMTctMDItMDJfYXRfMS41NS40NV9QTV9zdXFzY2IucG5nIiwic2xpZGVzaG93IjoiNTc2ODAzMyJ9\" href='https:\/\/cox.net.br\/page\/wp-content\/uploads\/2019\/02\/Screen_Shot_2017-02-02_at_1.55.45_PM_suqscb.png'><img decoding=\"async\" width=\"150\" height=\"150\" src=\"https:\/\/cox.net.br\/page\/wp-content\/uploads\/2019\/02\/Screen_Shot_2017-02-02_at_1.55.45_PM_suqscb-150x150.png\" class=\"attachment-thumbnail size-thumbnail\" alt=\"\" srcset=\"https:\/\/cox.net.br\/page\/wp-content\/uploads\/2019\/02\/Screen_Shot_2017-02-02_at_1.55.45_PM_suqscb-150x150.png 150w, https:\/\/cox.net.br\/page\/wp-content\/uploads\/2019\/02\/Screen_Shot_2017-02-02_at_1.55.45_PM_suqscb.png 186w\" sizes=\"(max-width: 150px) 100vw, 150px\" \/><\/a>\n\t\t\t<\/div><\/figure><figure class='gallery-item'>\n\t\t\t<div class='gallery-icon landscape'>\n\t\t\t\t<a data-elementor-open-lightbox=\"yes\" data-elementor-lightbox-slideshow=\"5768033\" data-elementor-lightbox-title=\"Screen_Shot_2017-02-02_at_1.55.50_PM_wzy7gp\" data-e-action-hash=\"#elementor-action%3Aaction%3Dlightbox%26settings%3DeyJpZCI6Mjc2LCJ1cmwiOiJodHRwczpcL1wvY294Lm5ldC5iclwvcGFnZVwvd3AtY29udGVudFwvdXBsb2Fkc1wvMjAxOVwvMDJcL1NjcmVlbl9TaG90XzIwMTctMDItMDJfYXRfMS41NS41MF9QTV93enk3Z3AucG5nIiwic2xpZGVzaG93IjoiNTc2ODAzMyJ9\" href='https:\/\/cox.net.br\/page\/wp-content\/uploads\/2019\/02\/Screen_Shot_2017-02-02_at_1.55.50_PM_wzy7gp.png'><img loading=\"lazy\" decoding=\"async\" width=\"150\" height=\"150\" src=\"https:\/\/cox.net.br\/page\/wp-content\/uploads\/2019\/02\/Screen_Shot_2017-02-02_at_1.55.50_PM_wzy7gp-150x150.png\" class=\"attachment-thumbnail size-thumbnail\" alt=\"\" \/><\/a>\n\t\t\t<\/div><\/figure><figure class='gallery-item'>\n\t\t\t<div class='gallery-icon landscape'>\n\t\t\t\t<a data-elementor-open-lightbox=\"yes\" data-elementor-lightbox-slideshow=\"5768033\" data-elementor-lightbox-title=\"Screen_Shot_2017-02-02_at_1.55.55_PM_b6wczh\" data-e-action-hash=\"#elementor-action%3Aaction%3Dlightbox%26settings%3DeyJpZCI6Mjc3LCJ1cmwiOiJodHRwczpcL1wvY294Lm5ldC5iclwvcGFnZVwvd3AtY29udGVudFwvdXBsb2Fkc1wvMjAxOVwvMDJcL1NjcmVlbl9TaG90XzIwMTctMDItMDJfYXRfMS41NS41NV9QTV9iNndjemgucG5nIiwic2xpZGVzaG93IjoiNTc2ODAzMyJ9\" href='https:\/\/cox.net.br\/page\/wp-content\/uploads\/2019\/02\/Screen_Shot_2017-02-02_at_1.55.55_PM_b6wczh.png'><img loading=\"lazy\" decoding=\"async\" width=\"150\" height=\"150\" src=\"https:\/\/cox.net.br\/page\/wp-content\/uploads\/2019\/02\/Screen_Shot_2017-02-02_at_1.55.55_PM_b6wczh-150x150.png\" class=\"attachment-thumbnail size-thumbnail\" alt=\"\" \/><\/a>\n\t\t\t<\/div><\/figure><figure class='gallery-item'>\n\t\t\t<div class='gallery-icon landscape'>\n\t\t\t\t<a data-elementor-open-lightbox=\"yes\" data-elementor-lightbox-slideshow=\"5768033\" data-elementor-lightbox-title=\"Screen_Shot_2017-02-02_at_1.56.00_PM_jvddof\" data-e-action-hash=\"#elementor-action%3Aaction%3Dlightbox%26settings%3DeyJpZCI6Mjc4LCJ1cmwiOiJodHRwczpcL1wvY294Lm5ldC5iclwvcGFnZVwvd3AtY29udGVudFwvdXBsb2Fkc1wvMjAxOVwvMDJcL1NjcmVlbl9TaG90XzIwMTctMDItMDJfYXRfMS41Ni4wMF9QTV9qdmRkb2YucG5nIiwic2xpZGVzaG93IjoiNTc2ODAzMyJ9\" href='https:\/\/cox.net.br\/page\/wp-content\/uploads\/2019\/02\/Screen_Shot_2017-02-02_at_1.56.00_PM_jvddof.png'><img loading=\"lazy\" decoding=\"async\" width=\"150\" height=\"150\" src=\"https:\/\/cox.net.br\/page\/wp-content\/uploads\/2019\/02\/Screen_Shot_2017-02-02_at_1.56.00_PM_jvddof-150x150.png\" class=\"attachment-thumbnail size-thumbnail\" alt=\"\" \/><\/a>\n\t\t\t<\/div><\/figure><figure class='gallery-item'>\n\t\t\t<div class='gallery-icon portrait'>\n\t\t\t\t<a data-elementor-open-lightbox=\"yes\" data-elementor-lightbox-slideshow=\"5768033\" data-elementor-lightbox-title=\"Screen_Shot_2017-02-02_at_1.56.04_PM_ipcvvo\" data-e-action-hash=\"#elementor-action%3Aaction%3Dlightbox%26settings%3DeyJpZCI6Mjc5LCJ1cmwiOiJodHRwczpcL1wvY294Lm5ldC5iclwvcGFnZVwvd3AtY29udGVudFwvdXBsb2Fkc1wvMjAxOVwvMDJcL1NjcmVlbl9TaG90XzIwMTctMDItMDJfYXRfMS41Ni4wNF9QTV9pcGN2dm8ucG5nIiwic2xpZGVzaG93IjoiNTc2ODAzMyJ9\" href='https:\/\/cox.net.br\/page\/wp-content\/uploads\/2019\/02\/Screen_Shot_2017-02-02_at_1.56.04_PM_ipcvvo.png'><img loading=\"lazy\" decoding=\"async\" width=\"150\" height=\"150\" src=\"https:\/\/cox.net.br\/page\/wp-content\/uploads\/2019\/02\/Screen_Shot_2017-02-02_at_1.56.04_PM_ipcvvo-150x150.png\" class=\"attachment-thumbnail size-thumbnail\" alt=\"\" srcset=\"https:\/\/cox.net.br\/page\/wp-content\/uploads\/2019\/02\/Screen_Shot_2017-02-02_at_1.56.04_PM_ipcvvo-150x150.png 150w, https:\/\/cox.net.br\/page\/wp-content\/uploads\/2019\/02\/Screen_Shot_2017-02-02_at_1.56.04_PM_ipcvvo.png 189w\" sizes=\"(max-width: 150px) 100vw, 150px\" \/><\/a>\n\t\t\t<\/div><\/figure><figure class='gallery-item'>\n\t\t\t<div class='gallery-icon portrait'>\n\t\t\t\t<a data-elementor-open-lightbox=\"yes\" data-elementor-lightbox-slideshow=\"5768033\" data-elementor-lightbox-title=\"Screen_Shot_2017-02-02_at_1.56.10_PM_bkvdkv\" data-e-action-hash=\"#elementor-action%3Aaction%3Dlightbox%26settings%3DeyJpZCI6MjgwLCJ1cmwiOiJodHRwczpcL1wvY294Lm5ldC5iclwvcGFnZVwvd3AtY29udGVudFwvdXBsb2Fkc1wvMjAxOVwvMDJcL1NjcmVlbl9TaG90XzIwMTctMDItMDJfYXRfMS41Ni4xMF9QTV9ia3Zka3YucG5nIiwic2xpZGVzaG93IjoiNTc2ODAzMyJ9\" href='https:\/\/cox.net.br\/page\/wp-content\/uploads\/2019\/02\/Screen_Shot_2017-02-02_at_1.56.10_PM_bkvdkv.png'><img loading=\"lazy\" decoding=\"async\" width=\"150\" height=\"150\" src=\"https:\/\/cox.net.br\/page\/wp-content\/uploads\/2019\/02\/Screen_Shot_2017-02-02_at_1.56.10_PM_bkvdkv-150x150.png\" class=\"attachment-thumbnail size-thumbnail\" alt=\"\" \/><\/a>\n\t\t\t<\/div><\/figure><figure class='gallery-item'>\n\t\t\t<div class='gallery-icon portrait'>\n\t\t\t\t<a data-elementor-open-lightbox=\"yes\" data-elementor-lightbox-slideshow=\"5768033\" data-elementor-lightbox-title=\"Screen_Shot_2017-02-02_at_1.56.15_PM_r10gbb\" data-e-action-hash=\"#elementor-action%3Aaction%3Dlightbox%26settings%3DeyJpZCI6MjgxLCJ1cmwiOiJodHRwczpcL1wvY294Lm5ldC5iclwvcGFnZVwvd3AtY29udGVudFwvdXBsb2Fkc1wvMjAxOVwvMDJcL1NjcmVlbl9TaG90XzIwMTctMDItMDJfYXRfMS41Ni4xNV9QTV9yMTBnYmIucG5nIiwic2xpZGVzaG93IjoiNTc2ODAzMyJ9\" href='https:\/\/cox.net.br\/page\/wp-content\/uploads\/2019\/02\/Screen_Shot_2017-02-02_at_1.56.15_PM_r10gbb.png'><img loading=\"lazy\" decoding=\"async\" width=\"150\" height=\"150\" src=\"https:\/\/cox.net.br\/page\/wp-content\/uploads\/2019\/02\/Screen_Shot_2017-02-02_at_1.56.15_PM_r10gbb-150x150.png\" class=\"attachment-thumbnail size-thumbnail\" alt=\"\" \/><\/a>\n\t\t\t<\/div><\/figure><figure class='gallery-item'>\n\t\t\t<div class='gallery-icon landscape'>\n\t\t\t\t<a data-elementor-open-lightbox=\"yes\" data-elementor-lightbox-slideshow=\"5768033\" data-elementor-lightbox-title=\"Screen_Shot_2017-02-02_at_1.56.21_PM_mopo6g\" data-e-action-hash=\"#elementor-action%3Aaction%3Dlightbox%26settings%3DeyJpZCI6MjgyLCJ1cmwiOiJodHRwczpcL1wvY294Lm5ldC5iclwvcGFnZVwvd3AtY29udGVudFwvdXBsb2Fkc1wvMjAxOVwvMDJcL1NjcmVlbl9TaG90XzIwMTctMDItMDJfYXRfMS41Ni4yMV9QTV9tb3BvNmcucG5nIiwic2xpZGVzaG93IjoiNTc2ODAzMyJ9\" href='https:\/\/cox.net.br\/page\/wp-content\/uploads\/2019\/02\/Screen_Shot_2017-02-02_at_1.56.21_PM_mopo6g.png'><img loading=\"lazy\" decoding=\"async\" width=\"150\" height=\"150\" src=\"https:\/\/cox.net.br\/page\/wp-content\/uploads\/2019\/02\/Screen_Shot_2017-02-02_at_1.56.21_PM_mopo6g-150x150.png\" class=\"attachment-thumbnail size-thumbnail\" alt=\"\" srcset=\"https:\/\/cox.net.br\/page\/wp-content\/uploads\/2019\/02\/Screen_Shot_2017-02-02_at_1.56.21_PM_mopo6g-150x150.png 150w, https:\/\/cox.net.br\/page\/wp-content\/uploads\/2019\/02\/Screen_Shot_2017-02-02_at_1.56.21_PM_mopo6g.png 186w\" sizes=\"(max-width: 150px) 100vw, 150px\" \/><\/a>\n\t\t\t<\/div><\/figure>\n\t\t<\/div>\n\t\t<\/div>\n\t\t\t\t<\/div>\n\t\t\t\t<\/div>\n\t\t\t\t\t<\/div>\n\t\t<\/div>\n\t\t\t\t\t<\/div>\n\t\t<\/section>\n\t\t\t\t<\/div>\n\t\t","protected":false},"excerpt":{"rendered":"<p>REESTRUTURA\u00c7\u00c3O Alongamento de d\u00edvidas e Renegocia\u00e7\u00e3o de taxas de juros Turn-around Adequa\u00e7\u00e3o da estrutura de custos frente \u00e0s suas receitas Revis\u00e3o do [&hellip;]<\/p>\n","protected":false},"author":1,"featured_media":0,"parent":0,"menu_order":0,"comment_status":"closed","ping_status":"closed","template":"elementor_header_footer","meta":{"footnotes":""},"_links":{"self":[{"href":"https:\/\/cox.net.br\/page\/wp-json\/wp\/v2\/pages\/271"}],"collection":[{"href":"https:\/\/cox.net.br\/page\/wp-json\/wp\/v2\/pages"}],"about":[{"href":"https:\/\/cox.net.br\/page\/wp-json\/wp\/v2\/types\/page"}],"author":[{"embeddable":true,"href":"https:\/\/cox.net.br\/page\/wp-json\/wp\/v2\/users\/1"}],"replies":[{"embeddable":true,"href":"https:\/\/cox.net.br\/page\/wp-json\/wp\/v2\/comments?post=271"}],"version-history":[{"count":5,"href":"https:\/\/cox.net.br\/page\/wp-json\/wp\/v2\/pages\/271\/revisions"}],"predecessor-version":[{"id":344,"href":"https:\/\/cox.net.br\/page\/wp-json\/wp\/v2\/pages\/271\/revisions\/344"}],"wp:attachment":[{"href":"https:\/\/cox.net.br\/page\/wp-json\/wp\/v2\/media?parent=271"}],"curies":[{"name":"wp","href":"https:\/\/api.w.org\/{rel}","templated":true}]}}