{"id":306,"date":"2019-02-20T00:02:13","date_gmt":"2019-02-20T03:02:13","guid":{"rendered":"http:\/\/temp.cox.net.br\/page\/?page_id=306"},"modified":"2019-02-20T19:02:54","modified_gmt":"2019-02-20T22:02:54","slug":"advisory","status":"publish","type":"page","link":"http:\/\/cox.net.br\/page\/advisory\/","title":{"rendered":"ADVISORY"},"content":{"rendered":"\t\t<div data-elementor-type=\"wp-post\" data-elementor-id=\"306\" class=\"elementor elementor-306 elementor-bc-flex-widget\">\n\t\t\t\t\t\t<section class=\"elementor-section elementor-top-section elementor-element elementor-element-eade73d elementor-section-boxed elementor-section-height-default elementor-section-height-default\" data-id=\"eade73d\" data-element_type=\"section\">\n\t\t\t\t\t\t<div class=\"elementor-container elementor-column-gap-default\">\n\t\t\t\t\t<div class=\"elementor-column elementor-col-100 elementor-top-column elementor-element elementor-element-a67ace6\" data-id=\"a67ace6\" data-element_type=\"column\">\n\t\t\t<div class=\"elementor-widget-wrap elementor-element-populated\">\n\t\t\t\t\t\t<div class=\"elementor-element elementor-element-1057ddc elementor-widget elementor-widget-heading\" data-id=\"1057ddc\" data-element_type=\"widget\" data-widget_type=\"heading.default\">\n\t\t\t\t<div class=\"elementor-widget-container\">\n\t\t\t<h2 class=\"elementor-heading-title elementor-size-default\">ADVISORY<\/h2>\t\t<\/div>\n\t\t\t\t<\/div>\n\t\t\t\t<div class=\"elementor-element elementor-element-c9d9791 elementor-widget elementor-widget-text-editor\" data-id=\"c9d9791\" data-element_type=\"widget\" data-widget_type=\"text-editor.default\">\n\t\t\t\t<div class=\"elementor-widget-container\">\n\t\t\t\t\t\t\t<ul><li>Governan\u00e7a Corporativa<\/li><li>Identifica\u00e7\u00e3o de Executivos para o empresa.<\/li><li>Prepara\u00e7\u00e3o para IPO<\/li><li>Fus\u00f5es e Aquisi\u00e7\u00f5es<\/li><li>Prepara\u00e7\u00e3o para venda<\/li><li>Valuation de Empresas<\/li><li>Ident. potenciais targets\/compradores<\/li><\/ul>\t\t\t\t\t\t<\/div>\n\t\t\t\t<\/div>\n\t\t\t\t<div class=\"elementor-element elementor-element-208c839 elementor-widget elementor-widget-spacer\" data-id=\"208c839\" data-element_type=\"widget\" data-widget_type=\"spacer.default\">\n\t\t\t\t<div class=\"elementor-widget-container\">\n\t\t\t\t\t<div class=\"elementor-spacer\">\n\t\t\t<div class=\"elementor-spacer-inner\"><\/div>\n\t\t<\/div>\n\t\t\t\t<\/div>\n\t\t\t\t<\/div>\n\t\t\t\t<div class=\"elementor-element elementor-element-309ba12 elementor-widget elementor-widget-image-gallery\" data-id=\"309ba12\" data-element_type=\"widget\" data-widget_type=\"image-gallery.default\">\n\t\t\t\t<div class=\"elementor-widget-container\">\n\t\t\t\t\t<div class=\"elementor-image-gallery\">\n\t\t\t<div id='gallery-1' class='gallery galleryid-306 gallery-columns-4 gallery-size-thumbnail'><figure class='gallery-item'>\n\t\t\t<div class='gallery-icon landscape'>\n\t\t\t\t<a data-elementor-open-lightbox=\"yes\" data-elementor-lightbox-slideshow=\"309ba12\" data-elementor-lightbox-title=\"Screen_Shot_2017-02-03_at_10.42.57_AM_lilxxy\" data-e-action-hash=\"#elementor-action%3Aaction%3Dlightbox%26settings%3DeyJpZCI6Mjg3LCJ1cmwiOiJodHRwOlwvXC9jb3gubmV0LmJyXC9wYWdlXC93cC1jb250ZW50XC91cGxvYWRzXC8yMDE5XC8wMlwvU2NyZWVuX1Nob3RfMjAxNy0wMi0wM19hdF8xMC40Mi41N19BTV9saWx4eHkucG5nIiwic2xpZGVzaG93IjoiMzA5YmExMiJ9\" href='http:\/\/cox.net.br\/page\/wp-content\/uploads\/2019\/02\/Screen_Shot_2017-02-03_at_10.42.57_AM_lilxxy.png'><img decoding=\"async\" width=\"150\" height=\"150\" src=\"http:\/\/cox.net.br\/page\/wp-content\/uploads\/2019\/02\/Screen_Shot_2017-02-03_at_10.42.57_AM_lilxxy-150x150.png\" class=\"attachment-thumbnail size-thumbnail\" alt=\"\" srcset=\"http:\/\/cox.net.br\/page\/wp-content\/uploads\/2019\/02\/Screen_Shot_2017-02-03_at_10.42.57_AM_lilxxy-150x150.png 150w, http:\/\/cox.net.br\/page\/wp-content\/uploads\/2019\/02\/Screen_Shot_2017-02-03_at_10.42.57_AM_lilxxy.png 164w\" sizes=\"(max-width: 150px) 100vw, 150px\" \/><\/a>\n\t\t\t<\/div><\/figure><figure class='gallery-item'>\n\t\t\t<div class='gallery-icon landscape'>\n\t\t\t\t<a data-elementor-open-lightbox=\"yes\" data-elementor-lightbox-slideshow=\"309ba12\" data-elementor-lightbox-title=\"Screen_Shot_2017-02-03_at_10.43.13_AM_cscnmw\" data-e-action-hash=\"#elementor-action%3Aaction%3Dlightbox%26settings%3DeyJpZCI6Mjg5LCJ1cmwiOiJodHRwOlwvXC9jb3gubmV0LmJyXC9wYWdlXC93cC1jb250ZW50XC91cGxvYWRzXC8yMDE5XC8wMlwvU2NyZWVuX1Nob3RfMjAxNy0wMi0wM19hdF8xMC40My4xM19BTV9jc2NubXcucG5nIiwic2xpZGVzaG93IjoiMzA5YmExMiJ9\" href='http:\/\/cox.net.br\/page\/wp-content\/uploads\/2019\/02\/Screen_Shot_2017-02-03_at_10.43.13_AM_cscnmw.png'><img decoding=\"async\" width=\"150\" height=\"150\" src=\"http:\/\/cox.net.br\/page\/wp-content\/uploads\/2019\/02\/Screen_Shot_2017-02-03_at_10.43.13_AM_cscnmw-150x150.png\" class=\"attachment-thumbnail size-thumbnail\" alt=\"\" srcset=\"http:\/\/cox.net.br\/page\/wp-content\/uploads\/2019\/02\/Screen_Shot_2017-02-03_at_10.43.13_AM_cscnmw-150x150.png 150w, http:\/\/cox.net.br\/page\/wp-content\/uploads\/2019\/02\/Screen_Shot_2017-02-03_at_10.43.13_AM_cscnmw.png 159w\" sizes=\"(max-width: 150px) 100vw, 150px\" \/><\/a>\n\t\t\t<\/div><\/figure><figure class='gallery-item'>\n\t\t\t<div class='gallery-icon portrait'>\n\t\t\t\t<a data-elementor-open-lightbox=\"yes\" data-elementor-lightbox-slideshow=\"309ba12\" data-elementor-lightbox-title=\"Screen_Shot_2017-02-03_at_10.43.06_AM_i9o1dt\" data-e-action-hash=\"#elementor-action%3Aaction%3Dlightbox%26settings%3DeyJpZCI6Mjg4LCJ1cmwiOiJodHRwOlwvXC9jb3gubmV0LmJyXC9wYWdlXC93cC1jb250ZW50XC91cGxvYWRzXC8yMDE5XC8wMlwvU2NyZWVuX1Nob3RfMjAxNy0wMi0wM19hdF8xMC40My4wNl9BTV9pOW8xZHQucG5nIiwic2xpZGVzaG93IjoiMzA5YmExMiJ9\" href='http:\/\/cox.net.br\/page\/wp-content\/uploads\/2019\/02\/Screen_Shot_2017-02-03_at_10.43.06_AM_i9o1dt.png'><img decoding=\"async\" width=\"150\" height=\"150\" src=\"http:\/\/cox.net.br\/page\/wp-content\/uploads\/2019\/02\/Screen_Shot_2017-02-03_at_10.43.06_AM_i9o1dt-150x150.png\" class=\"attachment-thumbnail size-thumbnail\" alt=\"\" srcset=\"http:\/\/cox.net.br\/page\/wp-content\/uploads\/2019\/02\/Screen_Shot_2017-02-03_at_10.43.06_AM_i9o1dt-150x150.png 150w, http:\/\/cox.net.br\/page\/wp-content\/uploads\/2019\/02\/Screen_Shot_2017-02-03_at_10.43.06_AM_i9o1dt.png 160w\" sizes=\"(max-width: 150px) 100vw, 150px\" \/><\/a>\n\t\t\t<\/div><\/figure><figure class='gallery-item'>\n\t\t\t<div class='gallery-icon landscape'>\n\t\t\t\t<a data-elementor-open-lightbox=\"yes\" data-elementor-lightbox-slideshow=\"309ba12\" data-elementor-lightbox-title=\"Screen_Shot_2017-02-03_at_10.43.20_AM_czlwhd\" data-e-action-hash=\"#elementor-action%3Aaction%3Dlightbox%26settings%3DeyJpZCI6MjkwLCJ1cmwiOiJodHRwOlwvXC9jb3gubmV0LmJyXC9wYWdlXC93cC1jb250ZW50XC91cGxvYWRzXC8yMDE5XC8wMlwvU2NyZWVuX1Nob3RfMjAxNy0wMi0wM19hdF8xMC40My4yMF9BTV9jemx3aGQucG5nIiwic2xpZGVzaG93IjoiMzA5YmExMiJ9\" href='http:\/\/cox.net.br\/page\/wp-content\/uploads\/2019\/02\/Screen_Shot_2017-02-03_at_10.43.20_AM_czlwhd.png'><img loading=\"lazy\" decoding=\"async\" width=\"150\" height=\"150\" src=\"http:\/\/cox.net.br\/page\/wp-content\/uploads\/2019\/02\/Screen_Shot_2017-02-03_at_10.43.20_AM_czlwhd-150x150.png\" class=\"attachment-thumbnail size-thumbnail\" alt=\"\" srcset=\"http:\/\/cox.net.br\/page\/wp-content\/uploads\/2019\/02\/Screen_Shot_2017-02-03_at_10.43.20_AM_czlwhd-150x150.png 150w, http:\/\/cox.net.br\/page\/wp-content\/uploads\/2019\/02\/Screen_Shot_2017-02-03_at_10.43.20_AM_czlwhd.png 163w\" sizes=\"(max-width: 150px) 100vw, 150px\" \/><\/a>\n\t\t\t<\/div><\/figure><figure class='gallery-item'>\n\t\t\t<div class='gallery-icon portrait'>\n\t\t\t\t<a data-elementor-open-lightbox=\"yes\" data-elementor-lightbox-slideshow=\"309ba12\" data-elementor-lightbox-title=\"Screen_Shot_2017-02-03_at_10.43.35_AM_zqikop\" data-e-action-hash=\"#elementor-action%3Aaction%3Dlightbox%26settings%3DeyJpZCI6MjkxLCJ1cmwiOiJodHRwOlwvXC9jb3gubmV0LmJyXC9wYWdlXC93cC1jb250ZW50XC91cGxvYWRzXC8yMDE5XC8wMlwvU2NyZWVuX1Nob3RfMjAxNy0wMi0wM19hdF8xMC40My4zNV9BTV96cWlrb3AucG5nIiwic2xpZGVzaG93IjoiMzA5YmExMiJ9\" href='http:\/\/cox.net.br\/page\/wp-content\/uploads\/2019\/02\/Screen_Shot_2017-02-03_at_10.43.35_AM_zqikop.png'><img loading=\"lazy\" decoding=\"async\" width=\"150\" height=\"150\" src=\"http:\/\/cox.net.br\/page\/wp-content\/uploads\/2019\/02\/Screen_Shot_2017-02-03_at_10.43.35_AM_zqikop-150x150.png\" class=\"attachment-thumbnail size-thumbnail\" alt=\"\" \/><\/a>\n\t\t\t<\/div><\/figure><figure class='gallery-item'>\n\t\t\t<div class='gallery-icon landscape'>\n\t\t\t\t<a data-elementor-open-lightbox=\"yes\" data-elementor-lightbox-slideshow=\"309ba12\" data-elementor-lightbox-title=\"Screen_Shot_2017-02-03_at_10.43.40_AM_xiggxz\" data-e-action-hash=\"#elementor-action%3Aaction%3Dlightbox%26settings%3DeyJpZCI6MjkyLCJ1cmwiOiJodHRwOlwvXC9jb3gubmV0LmJyXC9wYWdlXC93cC1jb250ZW50XC91cGxvYWRzXC8yMDE5XC8wMlwvU2NyZWVuX1Nob3RfMjAxNy0wMi0wM19hdF8xMC40My40MF9BTV94aWdneHoucG5nIiwic2xpZGVzaG93IjoiMzA5YmExMiJ9\" href='http:\/\/cox.net.br\/page\/wp-content\/uploads\/2019\/02\/Screen_Shot_2017-02-03_at_10.43.40_AM_xiggxz.png'><img loading=\"lazy\" decoding=\"async\" width=\"150\" height=\"150\" src=\"http:\/\/cox.net.br\/page\/wp-content\/uploads\/2019\/02\/Screen_Shot_2017-02-03_at_10.43.40_AM_xiggxz-150x150.png\" class=\"attachment-thumbnail size-thumbnail\" alt=\"\" srcset=\"http:\/\/cox.net.br\/page\/wp-content\/uploads\/2019\/02\/Screen_Shot_2017-02-03_at_10.43.40_AM_xiggxz-150x150.png 150w, http:\/\/cox.net.br\/page\/wp-content\/uploads\/2019\/02\/Screen_Shot_2017-02-03_at_10.43.40_AM_xiggxz.png 164w\" sizes=\"(max-width: 150px) 100vw, 150px\" \/><\/a>\n\t\t\t<\/div><\/figure><figure class='gallery-item'>\n\t\t\t<div class='gallery-icon landscape'>\n\t\t\t\t<a data-elementor-open-lightbox=\"yes\" data-elementor-lightbox-slideshow=\"309ba12\" data-elementor-lightbox-title=\"Screen_Shot_2017-02-03_at_10.43.49_AM_svxmej\" data-e-action-hash=\"#elementor-action%3Aaction%3Dlightbox%26settings%3DeyJpZCI6MjkzLCJ1cmwiOiJodHRwOlwvXC9jb3gubmV0LmJyXC9wYWdlXC93cC1jb250ZW50XC91cGxvYWRzXC8yMDE5XC8wMlwvU2NyZWVuX1Nob3RfMjAxNy0wMi0wM19hdF8xMC40My40OV9BTV9zdnhtZWoucG5nIiwic2xpZGVzaG93IjoiMzA5YmExMiJ9\" href='http:\/\/cox.net.br\/page\/wp-content\/uploads\/2019\/02\/Screen_Shot_2017-02-03_at_10.43.49_AM_svxmej.png'><img loading=\"lazy\" decoding=\"async\" width=\"150\" height=\"150\" src=\"http:\/\/cox.net.br\/page\/wp-content\/uploads\/2019\/02\/Screen_Shot_2017-02-03_at_10.43.49_AM_svxmej-150x150.png\" class=\"attachment-thumbnail size-thumbnail\" alt=\"\" srcset=\"http:\/\/cox.net.br\/page\/wp-content\/uploads\/2019\/02\/Screen_Shot_2017-02-03_at_10.43.49_AM_svxmej-150x150.png 150w, http:\/\/cox.net.br\/page\/wp-content\/uploads\/2019\/02\/Screen_Shot_2017-02-03_at_10.43.49_AM_svxmej.png 164w\" sizes=\"(max-width: 150px) 100vw, 150px\" \/><\/a>\n\t\t\t<\/div><\/figure><figure class='gallery-item'>\n\t\t\t<div class='gallery-icon landscape'>\n\t\t\t\t<a data-elementor-open-lightbox=\"yes\" data-elementor-lightbox-slideshow=\"309ba12\" data-elementor-lightbox-title=\"Screen_Shot_2017-02-03_at_10.44.03_AM_nbk3tj\" data-e-action-hash=\"#elementor-action%3Aaction%3Dlightbox%26settings%3DeyJpZCI6Mjk0LCJ1cmwiOiJodHRwOlwvXC9jb3gubmV0LmJyXC9wYWdlXC93cC1jb250ZW50XC91cGxvYWRzXC8yMDE5XC8wMlwvU2NyZWVuX1Nob3RfMjAxNy0wMi0wM19hdF8xMC40NC4wM19BTV9uYmszdGoucG5nIiwic2xpZGVzaG93IjoiMzA5YmExMiJ9\" href='http:\/\/cox.net.br\/page\/wp-content\/uploads\/2019\/02\/Screen_Shot_2017-02-03_at_10.44.03_AM_nbk3tj.png'><img loading=\"lazy\" decoding=\"async\" width=\"150\" height=\"150\" src=\"http:\/\/cox.net.br\/page\/wp-content\/uploads\/2019\/02\/Screen_Shot_2017-02-03_at_10.44.03_AM_nbk3tj-150x150.png\" class=\"attachment-thumbnail size-thumbnail\" alt=\"\" srcset=\"http:\/\/cox.net.br\/page\/wp-content\/uploads\/2019\/02\/Screen_Shot_2017-02-03_at_10.44.03_AM_nbk3tj-150x150.png 150w, http:\/\/cox.net.br\/page\/wp-content\/uploads\/2019\/02\/Screen_Shot_2017-02-03_at_10.44.03_AM_nbk3tj.png 162w\" sizes=\"(max-width: 150px) 100vw, 150px\" \/><\/a>\n\t\t\t<\/div><\/figure><figure class='gallery-item'>\n\t\t\t<div class='gallery-icon landscape'>\n\t\t\t\t<a data-elementor-open-lightbox=\"yes\" data-elementor-lightbox-slideshow=\"309ba12\" data-elementor-lightbox-title=\"Screen_Shot_2017-02-03_at_10.52.48_AM_bf7ony\" data-e-action-hash=\"#elementor-action%3Aaction%3Dlightbox%26settings%3DeyJpZCI6MzAzLCJ1cmwiOiJodHRwOlwvXC9jb3gubmV0LmJyXC9wYWdlXC93cC1jb250ZW50XC91cGxvYWRzXC8yMDE5XC8wMlwvU2NyZWVuX1Nob3RfMjAxNy0wMi0wM19hdF8xMC41Mi40OF9BTV9iZjdvbnkucG5nIiwic2xpZGVzaG93IjoiMzA5YmExMiJ9\" href='http:\/\/cox.net.br\/page\/wp-content\/uploads\/2019\/02\/Screen_Shot_2017-02-03_at_10.52.48_AM_bf7ony.png'><img loading=\"lazy\" decoding=\"async\" width=\"150\" height=\"150\" src=\"http:\/\/cox.net.br\/page\/wp-content\/uploads\/2019\/02\/Screen_Shot_2017-02-03_at_10.52.48_AM_bf7ony-150x150.png\" class=\"attachment-thumbnail size-thumbnail\" alt=\"\" \/><\/a>\n\t\t\t<\/div><\/figure><figure class='gallery-item'>\n\t\t\t<div class='gallery-icon landscape'>\n\t\t\t\t<a data-elementor-open-lightbox=\"yes\" data-elementor-lightbox-slideshow=\"309ba12\" data-elementor-lightbox-title=\"Screen_Shot_2017-02-03_at_10.45.02_AM_cw5w4q\" data-e-action-hash=\"#elementor-action%3Aaction%3Dlightbox%26settings%3DeyJpZCI6MzAyLCJ1cmwiOiJodHRwOlwvXC9jb3gubmV0LmJyXC9wYWdlXC93cC1jb250ZW50XC91cGxvYWRzXC8yMDE5XC8wMlwvU2NyZWVuX1Nob3RfMjAxNy0wMi0wM19hdF8xMC40NS4wMl9BTV9jdzV3NHEucG5nIiwic2xpZGVzaG93IjoiMzA5YmExMiJ9\" href='http:\/\/cox.net.br\/page\/wp-content\/uploads\/2019\/02\/Screen_Shot_2017-02-03_at_10.45.02_AM_cw5w4q.png'><img loading=\"lazy\" decoding=\"async\" width=\"150\" height=\"150\" src=\"http:\/\/cox.net.br\/page\/wp-content\/uploads\/2019\/02\/Screen_Shot_2017-02-03_at_10.45.02_AM_cw5w4q-150x150.png\" class=\"attachment-thumbnail size-thumbnail\" alt=\"\" \/><\/a>\n\t\t\t<\/div><\/figure><figure class='gallery-item'>\n\t\t\t<div class='gallery-icon landscape'>\n\t\t\t\t<a data-elementor-open-lightbox=\"yes\" data-elementor-lightbox-slideshow=\"309ba12\" data-elementor-lightbox-title=\"Screen_Shot_2017-02-03_at_10.44.53_AM_ur8ubz\" data-e-action-hash=\"#elementor-action%3Aaction%3Dlightbox%26settings%3DeyJpZCI6MzAxLCJ1cmwiOiJodHRwOlwvXC9jb3gubmV0LmJyXC9wYWdlXC93cC1jb250ZW50XC91cGxvYWRzXC8yMDE5XC8wMlwvU2NyZWVuX1Nob3RfMjAxNy0wMi0wM19hdF8xMC40NC41M19BTV91cjh1YnoucG5nIiwic2xpZGVzaG93IjoiMzA5YmExMiJ9\" href='http:\/\/cox.net.br\/page\/wp-content\/uploads\/2019\/02\/Screen_Shot_2017-02-03_at_10.44.53_AM_ur8ubz.png'><img loading=\"lazy\" decoding=\"async\" width=\"150\" height=\"150\" src=\"http:\/\/cox.net.br\/page\/wp-content\/uploads\/2019\/02\/Screen_Shot_2017-02-03_at_10.44.53_AM_ur8ubz-150x150.png\" class=\"attachment-thumbnail size-thumbnail\" alt=\"\" srcset=\"http:\/\/cox.net.br\/page\/wp-content\/uploads\/2019\/02\/Screen_Shot_2017-02-03_at_10.44.53_AM_ur8ubz-150x150.png 150w, http:\/\/cox.net.br\/page\/wp-content\/uploads\/2019\/02\/Screen_Shot_2017-02-03_at_10.44.53_AM_ur8ubz.png 163w\" sizes=\"(max-width: 150px) 100vw, 150px\" \/><\/a>\n\t\t\t<\/div><\/figure><figure class='gallery-item'>\n\t\t\t<div class='gallery-icon landscape'>\n\t\t\t\t<a data-elementor-open-lightbox=\"yes\" data-elementor-lightbox-slideshow=\"309ba12\" data-elementor-lightbox-title=\"Screen_Shot_2017-02-03_at_10.44.38_AM_qguixa\" data-e-action-hash=\"#elementor-action%3Aaction%3Dlightbox%26settings%3DeyJpZCI6Mjk5LCJ1cmwiOiJodHRwOlwvXC9jb3gubmV0LmJyXC9wYWdlXC93cC1jb250ZW50XC91cGxvYWRzXC8yMDE5XC8wMlwvU2NyZWVuX1Nob3RfMjAxNy0wMi0wM19hdF8xMC40NC4zOF9BTV9xZ3VpeGEucG5nIiwic2xpZGVzaG93IjoiMzA5YmExMiJ9\" href='http:\/\/cox.net.br\/page\/wp-content\/uploads\/2019\/02\/Screen_Shot_2017-02-03_at_10.44.38_AM_qguixa.png'><img loading=\"lazy\" decoding=\"async\" width=\"150\" height=\"150\" src=\"http:\/\/cox.net.br\/page\/wp-content\/uploads\/2019\/02\/Screen_Shot_2017-02-03_at_10.44.38_AM_qguixa-150x150.png\" class=\"attachment-thumbnail size-thumbnail\" alt=\"\" srcset=\"http:\/\/cox.net.br\/page\/wp-content\/uploads\/2019\/02\/Screen_Shot_2017-02-03_at_10.44.38_AM_qguixa-150x150.png 150w, http:\/\/cox.net.br\/page\/wp-content\/uploads\/2019\/02\/Screen_Shot_2017-02-03_at_10.44.38_AM_qguixa.png 164w\" sizes=\"(max-width: 150px) 100vw, 150px\" \/><\/a>\n\t\t\t<\/div><\/figure><figure class='gallery-item'>\n\t\t\t<div class='gallery-icon portrait'>\n\t\t\t\t<a data-elementor-open-lightbox=\"yes\" data-elementor-lightbox-slideshow=\"309ba12\" data-elementor-lightbox-title=\"Screen_Shot_2017-02-03_at_10.44.44_AM_slclsx\" data-e-action-hash=\"#elementor-action%3Aaction%3Dlightbox%26settings%3DeyJpZCI6MzAwLCJ1cmwiOiJodHRwOlwvXC9jb3gubmV0LmJyXC9wYWdlXC93cC1jb250ZW50XC91cGxvYWRzXC8yMDE5XC8wMlwvU2NyZWVuX1Nob3RfMjAxNy0wMi0wM19hdF8xMC40NC40NF9BTV9zbGNsc3gucG5nIiwic2xpZGVzaG93IjoiMzA5YmExMiJ9\" href='http:\/\/cox.net.br\/page\/wp-content\/uploads\/2019\/02\/Screen_Shot_2017-02-03_at_10.44.44_AM_slclsx.png'><img loading=\"lazy\" decoding=\"async\" width=\"150\" height=\"150\" src=\"http:\/\/cox.net.br\/page\/wp-content\/uploads\/2019\/02\/Screen_Shot_2017-02-03_at_10.44.44_AM_slclsx-150x150.png\" class=\"attachment-thumbnail size-thumbnail\" alt=\"\" \/><\/a>\n\t\t\t<\/div><\/figure><figure class='gallery-item'>\n\t\t\t<div class='gallery-icon landscape'>\n\t\t\t\t<a data-elementor-open-lightbox=\"yes\" data-elementor-lightbox-slideshow=\"309ba12\" data-elementor-lightbox-title=\"Screen_Shot_2017-02-03_at_10.44.31_AM_vfiohe\" data-e-action-hash=\"#elementor-action%3Aaction%3Dlightbox%26settings%3DeyJpZCI6Mjk4LCJ1cmwiOiJodHRwOlwvXC9jb3gubmV0LmJyXC9wYWdlXC93cC1jb250ZW50XC91cGxvYWRzXC8yMDE5XC8wMlwvU2NyZWVuX1Nob3RfMjAxNy0wMi0wM19hdF8xMC40NC4zMV9BTV92ZmlvaGUucG5nIiwic2xpZGVzaG93IjoiMzA5YmExMiJ9\" href='http:\/\/cox.net.br\/page\/wp-content\/uploads\/2019\/02\/Screen_Shot_2017-02-03_at_10.44.31_AM_vfiohe.png'><img loading=\"lazy\" decoding=\"async\" width=\"150\" height=\"150\" src=\"http:\/\/cox.net.br\/page\/wp-content\/uploads\/2019\/02\/Screen_Shot_2017-02-03_at_10.44.31_AM_vfiohe-150x150.png\" class=\"attachment-thumbnail size-thumbnail\" alt=\"\" srcset=\"http:\/\/cox.net.br\/page\/wp-content\/uploads\/2019\/02\/Screen_Shot_2017-02-03_at_10.44.31_AM_vfiohe-150x150.png 150w, http:\/\/cox.net.br\/page\/wp-content\/uploads\/2019\/02\/Screen_Shot_2017-02-03_at_10.44.31_AM_vfiohe.png 164w\" sizes=\"(max-width: 150px) 100vw, 150px\" \/><\/a>\n\t\t\t<\/div><\/figure><figure class='gallery-item'>\n\t\t\t<div class='gallery-icon landscape'>\n\t\t\t\t<a data-elementor-open-lightbox=\"yes\" data-elementor-lightbox-slideshow=\"309ba12\" data-elementor-lightbox-title=\"Screen_Shot_2017-02-03_at_10.44.23_AM_lngrjx\" data-e-action-hash=\"#elementor-action%3Aaction%3Dlightbox%26settings%3DeyJpZCI6Mjk3LCJ1cmwiOiJodHRwOlwvXC9jb3gubmV0LmJyXC9wYWdlXC93cC1jb250ZW50XC91cGxvYWRzXC8yMDE5XC8wMlwvU2NyZWVuX1Nob3RfMjAxNy0wMi0wM19hdF8xMC40NC4yM19BTV9sbmdyangucG5nIiwic2xpZGVzaG93IjoiMzA5YmExMiJ9\" href='http:\/\/cox.net.br\/page\/wp-content\/uploads\/2019\/02\/Screen_Shot_2017-02-03_at_10.44.23_AM_lngrjx.png'><img loading=\"lazy\" decoding=\"async\" width=\"150\" height=\"150\" src=\"http:\/\/cox.net.br\/page\/wp-content\/uploads\/2019\/02\/Screen_Shot_2017-02-03_at_10.44.23_AM_lngrjx-150x150.png\" class=\"attachment-thumbnail size-thumbnail\" alt=\"\" \/><\/a>\n\t\t\t<\/div><\/figure><figure class='gallery-item'>\n\t\t\t<div class='gallery-icon landscape'>\n\t\t\t\t<a data-elementor-open-lightbox=\"yes\" data-elementor-lightbox-slideshow=\"309ba12\" data-elementor-lightbox-title=\"Screen_Shot_2017-02-03_at_10.44.19_AM_eh6rbu\" data-e-action-hash=\"#elementor-action%3Aaction%3Dlightbox%26settings%3DeyJpZCI6Mjk2LCJ1cmwiOiJodHRwOlwvXC9jb3gubmV0LmJyXC9wYWdlXC93cC1jb250ZW50XC91cGxvYWRzXC8yMDE5XC8wMlwvU2NyZWVuX1Nob3RfMjAxNy0wMi0wM19hdF8xMC40NC4xOV9BTV9laDZyYnUucG5nIiwic2xpZGVzaG93IjoiMzA5YmExMiJ9\" href='http:\/\/cox.net.br\/page\/wp-content\/uploads\/2019\/02\/Screen_Shot_2017-02-03_at_10.44.19_AM_eh6rbu.png'><img loading=\"lazy\" decoding=\"async\" width=\"150\" height=\"150\" src=\"http:\/\/cox.net.br\/page\/wp-content\/uploads\/2019\/02\/Screen_Shot_2017-02-03_at_10.44.19_AM_eh6rbu-150x150.png\" class=\"attachment-thumbnail size-thumbnail\" alt=\"\" srcset=\"http:\/\/cox.net.br\/page\/wp-content\/uploads\/2019\/02\/Screen_Shot_2017-02-03_at_10.44.19_AM_eh6rbu-150x150.png 150w, http:\/\/cox.net.br\/page\/wp-content\/uploads\/2019\/02\/Screen_Shot_2017-02-03_at_10.44.19_AM_eh6rbu.png 160w\" sizes=\"(max-width: 150px) 100vw, 150px\" \/><\/a>\n\t\t\t<\/div><\/figure><figure class='gallery-item'>\n\t\t\t<div class='gallery-icon landscape'>\n\t\t\t\t<a data-elementor-open-lightbox=\"yes\" data-elementor-lightbox-slideshow=\"309ba12\" data-elementor-lightbox-title=\"Screen_Shot_2017-02-03_at_10.44.13_AM_tkkilk\" data-e-action-hash=\"#elementor-action%3Aaction%3Dlightbox%26settings%3DeyJpZCI6Mjk1LCJ1cmwiOiJodHRwOlwvXC9jb3gubmV0LmJyXC9wYWdlXC93cC1jb250ZW50XC91cGxvYWRzXC8yMDE5XC8wMlwvU2NyZWVuX1Nob3RfMjAxNy0wMi0wM19hdF8xMC40NC4xM19BTV90a2tpbGsucG5nIiwic2xpZGVzaG93IjoiMzA5YmExMiJ9\" href='http:\/\/cox.net.br\/page\/wp-content\/uploads\/2019\/02\/Screen_Shot_2017-02-03_at_10.44.13_AM_tkkilk.png'><img loading=\"lazy\" decoding=\"async\" width=\"150\" height=\"150\" src=\"http:\/\/cox.net.br\/page\/wp-content\/uploads\/2019\/02\/Screen_Shot_2017-02-03_at_10.44.13_AM_tkkilk-150x150.png\" class=\"attachment-thumbnail size-thumbnail\" alt=\"\" srcset=\"http:\/\/cox.net.br\/page\/wp-content\/uploads\/2019\/02\/Screen_Shot_2017-02-03_at_10.44.13_AM_tkkilk-150x150.png 150w, http:\/\/cox.net.br\/page\/wp-content\/uploads\/2019\/02\/Screen_Shot_2017-02-03_at_10.44.13_AM_tkkilk.png 159w\" sizes=\"(max-width: 150px) 100vw, 150px\" \/><\/a>\n\t\t\t<\/div><\/figure>\n\t\t<\/div>\n\t\t<\/div>\n\t\t\t\t<\/div>\n\t\t\t\t<\/div>\n\t\t\t\t\t<\/div>\n\t\t<\/div>\n\t\t\t\t\t<\/div>\n\t\t<\/section>\n\t\t\t\t<\/div>\n\t\t","protected":false},"excerpt":{"rendered":"<p>ADVISORY Governan\u00e7a Corporativa Identifica\u00e7\u00e3o de Executivos para o empresa. Prepara\u00e7\u00e3o para IPO Fus\u00f5es e Aquisi\u00e7\u00f5es Prepara\u00e7\u00e3o para venda Valuation de Empresas Ident. [&hellip;]<\/p>\n","protected":false},"author":1,"featured_media":0,"parent":0,"menu_order":0,"comment_status":"closed","ping_status":"closed","template":"elementor_header_footer","meta":{"footnotes":""},"_links":{"self":[{"href":"http:\/\/cox.net.br\/page\/wp-json\/wp\/v2\/pages\/306"}],"collection":[{"href":"http:\/\/cox.net.br\/page\/wp-json\/wp\/v2\/pages"}],"about":[{"href":"http:\/\/cox.net.br\/page\/wp-json\/wp\/v2\/types\/page"}],"author":[{"embeddable":true,"href":"http:\/\/cox.net.br\/page\/wp-json\/wp\/v2\/users\/1"}],"replies":[{"embeddable":true,"href":"http:\/\/cox.net.br\/page\/wp-json\/wp\/v2\/comments?post=306"}],"version-history":[{"count":10,"href":"http:\/\/cox.net.br\/page\/wp-json\/wp\/v2\/pages\/306\/revisions"}],"predecessor-version":[{"id":345,"href":"http:\/\/cox.net.br\/page\/wp-json\/wp\/v2\/pages\/306\/revisions\/345"}],"wp:attachment":[{"href":"http:\/\/cox.net.br\/page\/wp-json\/wp\/v2\/media?parent=306"}],"curies":[{"name":"wp","href":"https:\/\/api.w.org\/{rel}","templated":true}]}}