{"id":232,"date":"2019-02-19T23:50:12","date_gmt":"2019-02-20T02:50:12","guid":{"rendered":"http:\/\/temp.cox.net.br\/page\/?page_id=232"},"modified":"2019-02-22T17:04:41","modified_gmt":"2019-02-22T20:04:41","slug":"investimentos","status":"publish","type":"page","link":"http:\/\/cox.net.br\/page\/investimentos\/","title":{"rendered":"INVESTIMENTOS"},"content":{"rendered":"\t\t<div data-elementor-type=\"wp-post\" data-elementor-id=\"232\" class=\"elementor elementor-232 elementor-bc-flex-widget\">\n\t\t\t\t\t\t<section class=\"elementor-section elementor-top-section elementor-element elementor-element-82b966a elementor-section-boxed elementor-section-height-default elementor-section-height-default\" data-id=\"82b966a\" data-element_type=\"section\">\n\t\t\t\t\t\t<div class=\"elementor-container elementor-column-gap-default\">\n\t\t\t\t\t<div class=\"elementor-column elementor-col-100 elementor-top-column elementor-element elementor-element-5b19905\" data-id=\"5b19905\" data-element_type=\"column\">\n\t\t\t<div class=\"elementor-widget-wrap elementor-element-populated\">\n\t\t\t\t\t\t<div class=\"elementor-element elementor-element-f740642 elementor-widget elementor-widget-heading\" data-id=\"f740642\" data-element_type=\"widget\" data-widget_type=\"heading.default\">\n\t\t\t\t<div class=\"elementor-widget-container\">\n\t\t\t<h2 class=\"elementor-heading-title elementor-size-default\">INVESTIMENTOS<\/h2>\t\t<\/div>\n\t\t\t\t<\/div>\n\t\t\t\t<div class=\"elementor-element elementor-element-ba84b5e elementor-widget elementor-widget-text-editor\" data-id=\"ba84b5e\" data-element_type=\"widget\" data-widget_type=\"text-editor.default\">\n\t\t\t\t<div class=\"elementor-widget-container\">\n\t\t\t\t\t\t\t<ul><li>Investimento Direto via emiss\u00e3o prim\u00e1ria ou secund\u00e1ria<\/li><li>Investimento Indireto<\/li><li>Mezaninos e outros instrumentos financeiros<\/li><li>Solu\u00e7\u00f5es de funding de curto e longo prazo<\/li><li>Instrumentos Mistos<\/li><\/ul>\t\t\t\t\t\t<\/div>\n\t\t\t\t<\/div>\n\t\t\t\t<section class=\"elementor-section elementor-inner-section elementor-element elementor-element-aa33b78 elementor-section-boxed elementor-section-height-default elementor-section-height-default\" data-id=\"aa33b78\" data-element_type=\"section\" data-settings=\"{&quot;background_background&quot;:&quot;classic&quot;}\">\n\t\t\t\t\t\t<div class=\"elementor-container elementor-column-gap-wider\">\n\t\t\t\t\t<div class=\"elementor-column elementor-col-33 elementor-inner-column elementor-element elementor-element-e6c4306\" data-id=\"e6c4306\" data-element_type=\"column\" data-settings=\"{&quot;background_background&quot;:&quot;classic&quot;}\">\n\t\t\t<div class=\"elementor-widget-wrap elementor-element-populated\">\n\t\t\t\t\t\t<div class=\"elementor-element elementor-element-6c4e4be elementor-view-default elementor-position-top elementor-mobile-position-top elementor-widget elementor-widget-icon-box\" data-id=\"6c4e4be\" data-element_type=\"widget\" data-widget_type=\"icon-box.default\">\n\t\t\t\t<div class=\"elementor-widget-container\">\n\t\t\t\t\t<div class=\"elementor-icon-box-wrapper\">\n\t\t\t\t\t\t<div class=\"elementor-icon-box-icon\">\n\t\t\t\t<span  class=\"elementor-icon elementor-animation-\">\n\t\t\t\t<i class=\"fa fa-sun-o\" aria-hidden=\"true\"><\/i>\t\t\t\t<\/span>\n\t\t\t<\/div>\n\t\t\t\t\t\t<div class=\"elementor-icon-box-content\">\n\t\t\t\t<h5 class=\"elementor-icon-box-title\">\n\t\t\t\t\t<span  >\n\t\t\t\t\t\tInvestimento de mais de 20 anos na Sol Nordeste.\t\t\t\t\t<\/span>\n\t\t\t\t<\/h5>\n\t\t\t\t\t\t\t<\/div>\n\t\t<\/div>\n\t\t\t\t<\/div>\n\t\t\t\t<\/div>\n\t\t\t\t\t<\/div>\n\t\t<\/div>\n\t\t\t\t<div class=\"elementor-column elementor-col-33 elementor-inner-column elementor-element elementor-element-1dc66bb\" data-id=\"1dc66bb\" data-element_type=\"column\">\n\t\t\t<div class=\"elementor-widget-wrap elementor-element-populated\">\n\t\t\t\t\t\t<div class=\"elementor-element elementor-element-57d4fc7 elementor-view-default elementor-position-top elementor-mobile-position-top elementor-widget elementor-widget-icon-box\" data-id=\"57d4fc7\" data-element_type=\"widget\" data-widget_type=\"icon-box.default\">\n\t\t\t\t<div class=\"elementor-widget-container\">\n\t\t\t\t\t<div class=\"elementor-icon-box-wrapper\">\n\t\t\t\t\t\t<div class=\"elementor-icon-box-icon\">\n\t\t\t\t<span  class=\"elementor-icon elementor-animation-\">\n\t\t\t\t<i class=\"fa fa-youtube-play\" aria-hidden=\"true\"><\/i>\t\t\t\t<\/span>\n\t\t\t<\/div>\n\t\t\t\t\t\t<div class=\"elementor-icon-box-content\">\n\t\t\t\t<h5 class=\"elementor-icon-box-title\">\n\t\t\t\t\t<span  >\n\t\t\t\t\t\tRetorno superior a mais de 10 vezes o capital investido no filme Tropa de Elite.\t\t\t\t\t<\/span>\n\t\t\t\t<\/h5>\n\t\t\t\t\t\t\t<\/div>\n\t\t<\/div>\n\t\t\t\t<\/div>\n\t\t\t\t<\/div>\n\t\t\t\t\t<\/div>\n\t\t<\/div>\n\t\t\t\t<div class=\"elementor-column elementor-col-33 elementor-inner-column elementor-element elementor-element-5818b43\" data-id=\"5818b43\" data-element_type=\"column\" data-settings=\"{&quot;background_background&quot;:&quot;classic&quot;}\">\n\t\t\t<div class=\"elementor-widget-wrap elementor-element-populated\">\n\t\t\t\t\t\t<div class=\"elementor-element elementor-element-4fe8367 elementor-view-default elementor-position-top elementor-mobile-position-top elementor-widget elementor-widget-icon-box\" data-id=\"4fe8367\" data-element_type=\"widget\" data-widget_type=\"icon-box.default\">\n\t\t\t\t<div class=\"elementor-widget-container\">\n\t\t\t\t\t<div class=\"elementor-icon-box-wrapper\">\n\t\t\t\t\t\t<div class=\"elementor-icon-box-icon\">\n\t\t\t\t<span  class=\"elementor-icon elementor-animation-\">\n\t\t\t\t<i class=\"fa fa-bicycle\" aria-hidden=\"true\"><\/i>\t\t\t\t<\/span>\n\t\t\t<\/div>\n\t\t\t\t\t\t<div class=\"elementor-icon-box-content\">\n\t\t\t\t<h5 class=\"elementor-icon-box-title\">\n\t\t\t\t\t<span  >\n\t\t\t\t\t\tInvestimento como fundador na RC Bikes, empresa que possui 3 t\u00edtulos mundiais e foi vendida ao Jo\u00e3o Paulo Diniz.\t\t\t\t\t<\/span>\n\t\t\t\t<\/h5>\n\t\t\t\t\t\t\t<\/div>\n\t\t<\/div>\n\t\t\t\t<\/div>\n\t\t\t\t<\/div>\n\t\t\t\t\t<\/div>\n\t\t<\/div>\n\t\t\t\t\t<\/div>\n\t\t<\/section>\n\t\t\t\t\t<\/div>\n\t\t<\/div>\n\t\t\t\t\t<\/div>\n\t\t<\/section>\n\t\t\t\t<section class=\"elementor-section elementor-top-section elementor-element elementor-element-02b67fa elementor-section-boxed elementor-section-height-default elementor-section-height-default\" data-id=\"02b67fa\" data-element_type=\"section\">\n\t\t\t\t\t\t<div class=\"elementor-container elementor-column-gap-default\">\n\t\t\t\t\t<div class=\"elementor-column elementor-col-100 elementor-top-column elementor-element elementor-element-6eeedca\" data-id=\"6eeedca\" data-element_type=\"column\">\n\t\t\t<div class=\"elementor-widget-wrap elementor-element-populated\">\n\t\t\t\t\t\t<div class=\"elementor-element elementor-element-00cffb4 elementor-widget elementor-widget-image-gallery\" data-id=\"00cffb4\" data-element_type=\"widget\" data-widget_type=\"image-gallery.default\">\n\t\t\t\t<div class=\"elementor-widget-container\">\n\t\t\t\t\t<div class=\"elementor-image-gallery\">\n\t\t\t<div id='gallery-1' class='gallery galleryid-232 gallery-columns-4 gallery-size-thumbnail'><figure class='gallery-item'>\n\t\t\t<div class='gallery-icon portrait'>\n\t\t\t\t<a data-elementor-open-lightbox=\"yes\" data-elementor-lightbox-slideshow=\"00cffb4\" data-elementor-lightbox-title=\"Screen_Shot_2017-02-02_at_1.44.42_PM_cljzxv\" data-e-action-hash=\"#elementor-action%3Aaction%3Dlightbox%26settings%3DeyJpZCI6MjUzLCJ1cmwiOiJodHRwOlwvXC9jb3gubmV0LmJyXC9wYWdlXC93cC1jb250ZW50XC91cGxvYWRzXC8yMDE5XC8wMlwvU2NyZWVuX1Nob3RfMjAxNy0wMi0wMl9hdF8xLjQ0LjQyX1BNX2Nsanp4di5wbmciLCJzbGlkZXNob3ciOiIwMGNmZmI0In0%3D\" href='http:\/\/cox.net.br\/page\/wp-content\/uploads\/2019\/02\/Screen_Shot_2017-02-02_at_1.44.42_PM_cljzxv.png'><img decoding=\"async\" width=\"150\" height=\"150\" src=\"http:\/\/cox.net.br\/page\/wp-content\/uploads\/2019\/02\/Screen_Shot_2017-02-02_at_1.44.42_PM_cljzxv-150x150.png\" class=\"attachment-thumbnail size-thumbnail\" alt=\"\" \/><\/a>\n\t\t\t<\/div><\/figure><figure class='gallery-item'>\n\t\t\t<div class='gallery-icon landscape'>\n\t\t\t\t<a data-elementor-open-lightbox=\"yes\" data-elementor-lightbox-slideshow=\"00cffb4\" data-elementor-lightbox-title=\"Screen_Shot_2017-02-02_at_1.44.49_PM_vaen9c\" data-e-action-hash=\"#elementor-action%3Aaction%3Dlightbox%26settings%3DeyJpZCI6MjU0LCJ1cmwiOiJodHRwOlwvXC9jb3gubmV0LmJyXC9wYWdlXC93cC1jb250ZW50XC91cGxvYWRzXC8yMDE5XC8wMlwvU2NyZWVuX1Nob3RfMjAxNy0wMi0wMl9hdF8xLjQ0LjQ5X1BNX3ZhZW45Yy5wbmciLCJzbGlkZXNob3ciOiIwMGNmZmI0In0%3D\" href='http:\/\/cox.net.br\/page\/wp-content\/uploads\/2019\/02\/Screen_Shot_2017-02-02_at_1.44.49_PM_vaen9c.png'><img decoding=\"async\" width=\"148\" height=\"148\" src=\"http:\/\/cox.net.br\/page\/wp-content\/uploads\/2019\/02\/Screen_Shot_2017-02-02_at_1.44.49_PM_vaen9c.png\" class=\"attachment-thumbnail size-thumbnail\" alt=\"\" \/><\/a>\n\t\t\t<\/div><\/figure><figure class='gallery-item'>\n\t\t\t<div class='gallery-icon portrait'>\n\t\t\t\t<a data-elementor-open-lightbox=\"yes\" data-elementor-lightbox-slideshow=\"00cffb4\" data-elementor-lightbox-title=\"Screen_Shot_2017-02-02_at_1.45.00_PM_tzyqwd\" data-e-action-hash=\"#elementor-action%3Aaction%3Dlightbox%26settings%3DeyJpZCI6MjU1LCJ1cmwiOiJodHRwOlwvXC9jb3gubmV0LmJyXC9wYWdlXC93cC1jb250ZW50XC91cGxvYWRzXC8yMDE5XC8wMlwvU2NyZWVuX1Nob3RfMjAxNy0wMi0wMl9hdF8xLjQ1LjAwX1BNX3R6eXF3ZC5wbmciLCJzbGlkZXNob3ciOiIwMGNmZmI0In0%3D\" href='http:\/\/cox.net.br\/page\/wp-content\/uploads\/2019\/02\/Screen_Shot_2017-02-02_at_1.45.00_PM_tzyqwd.png'><img decoding=\"async\" width=\"145\" height=\"146\" src=\"http:\/\/cox.net.br\/page\/wp-content\/uploads\/2019\/02\/Screen_Shot_2017-02-02_at_1.45.00_PM_tzyqwd.png\" class=\"attachment-thumbnail size-thumbnail\" alt=\"\" \/><\/a>\n\t\t\t<\/div><\/figure><figure class='gallery-item'>\n\t\t\t<div class='gallery-icon landscape'>\n\t\t\t\t<a data-elementor-open-lightbox=\"yes\" data-elementor-lightbox-slideshow=\"00cffb4\" data-elementor-lightbox-title=\"Screen_Shot_2017-02-02_at_1.45.11_PM_dtgydc\" data-e-action-hash=\"#elementor-action%3Aaction%3Dlightbox%26settings%3DeyJpZCI6MjU2LCJ1cmwiOiJodHRwOlwvXC9jb3gubmV0LmJyXC9wYWdlXC93cC1jb250ZW50XC91cGxvYWRzXC8yMDE5XC8wMlwvU2NyZWVuX1Nob3RfMjAxNy0wMi0wMl9hdF8xLjQ1LjExX1BNX2R0Z3lkYy5wbmciLCJzbGlkZXNob3ciOiIwMGNmZmI0In0%3D\" href='http:\/\/cox.net.br\/page\/wp-content\/uploads\/2019\/02\/Screen_Shot_2017-02-02_at_1.45.11_PM_dtgydc.png'><img loading=\"lazy\" decoding=\"async\" width=\"147\" height=\"144\" src=\"http:\/\/cox.net.br\/page\/wp-content\/uploads\/2019\/02\/Screen_Shot_2017-02-02_at_1.45.11_PM_dtgydc.png\" class=\"attachment-thumbnail size-thumbnail\" alt=\"\" \/><\/a>\n\t\t\t<\/div><\/figure><figure class='gallery-item'>\n\t\t\t<div class='gallery-icon landscape'>\n\t\t\t\t<a data-elementor-open-lightbox=\"yes\" data-elementor-lightbox-slideshow=\"00cffb4\" data-elementor-lightbox-title=\"Screen_Shot_2017-02-02_at_1.45.16_PM_mef8fw\" data-e-action-hash=\"#elementor-action%3Aaction%3Dlightbox%26settings%3DeyJpZCI6MjU3LCJ1cmwiOiJodHRwOlwvXC9jb3gubmV0LmJyXC9wYWdlXC93cC1jb250ZW50XC91cGxvYWRzXC8yMDE5XC8wMlwvU2NyZWVuX1Nob3RfMjAxNy0wMi0wMl9hdF8xLjQ1LjE2X1BNX21lZjhmdy5wbmciLCJzbGlkZXNob3ciOiIwMGNmZmI0In0%3D\" href='http:\/\/cox.net.br\/page\/wp-content\/uploads\/2019\/02\/Screen_Shot_2017-02-02_at_1.45.16_PM_mef8fw.png'><img loading=\"lazy\" decoding=\"async\" width=\"146\" height=\"142\" src=\"http:\/\/cox.net.br\/page\/wp-content\/uploads\/2019\/02\/Screen_Shot_2017-02-02_at_1.45.16_PM_mef8fw.png\" class=\"attachment-thumbnail size-thumbnail\" alt=\"\" \/><\/a>\n\t\t\t<\/div><\/figure><figure class='gallery-item'>\n\t\t\t<div class='gallery-icon landscape'>\n\t\t\t\t<a data-elementor-open-lightbox=\"yes\" data-elementor-lightbox-slideshow=\"00cffb4\" data-elementor-lightbox-title=\"Screen_Shot_2017-02-02_at_1.45.21_PM_wg09jr\" data-e-action-hash=\"#elementor-action%3Aaction%3Dlightbox%26settings%3DeyJpZCI6MjU4LCJ1cmwiOiJodHRwOlwvXC9jb3gubmV0LmJyXC9wYWdlXC93cC1jb250ZW50XC91cGxvYWRzXC8yMDE5XC8wMlwvU2NyZWVuX1Nob3RfMjAxNy0wMi0wMl9hdF8xLjQ1LjIxX1BNX3dnMDlqci5wbmciLCJzbGlkZXNob3ciOiIwMGNmZmI0In0%3D\" href='http:\/\/cox.net.br\/page\/wp-content\/uploads\/2019\/02\/Screen_Shot_2017-02-02_at_1.45.21_PM_wg09jr.png'><img loading=\"lazy\" decoding=\"async\" width=\"150\" height=\"146\" src=\"http:\/\/cox.net.br\/page\/wp-content\/uploads\/2019\/02\/Screen_Shot_2017-02-02_at_1.45.21_PM_wg09jr-150x146.png\" class=\"attachment-thumbnail size-thumbnail\" alt=\"\" \/><\/a>\n\t\t\t<\/div><\/figure><figure class='gallery-item'>\n\t\t\t<div class='gallery-icon landscape'>\n\t\t\t\t<a data-elementor-open-lightbox=\"yes\" data-elementor-lightbox-slideshow=\"00cffb4\" data-elementor-lightbox-title=\"Screen_Shot_2017-02-02_at_1.45.28_PM_upv7uu\" data-e-action-hash=\"#elementor-action%3Aaction%3Dlightbox%26settings%3DeyJpZCI6MjU5LCJ1cmwiOiJodHRwOlwvXC9jb3gubmV0LmJyXC9wYWdlXC93cC1jb250ZW50XC91cGxvYWRzXC8yMDE5XC8wMlwvU2NyZWVuX1Nob3RfMjAxNy0wMi0wMl9hdF8xLjQ1LjI4X1BNX3Vwdjd1dS5wbmciLCJzbGlkZXNob3ciOiIwMGNmZmI0In0%3D\" href='http:\/\/cox.net.br\/page\/wp-content\/uploads\/2019\/02\/Screen_Shot_2017-02-02_at_1.45.28_PM_upv7uu.png'><img loading=\"lazy\" decoding=\"async\" width=\"148\" height=\"144\" src=\"http:\/\/cox.net.br\/page\/wp-content\/uploads\/2019\/02\/Screen_Shot_2017-02-02_at_1.45.28_PM_upv7uu.png\" class=\"attachment-thumbnail size-thumbnail\" alt=\"\" \/><\/a>\n\t\t\t<\/div><\/figure><figure class='gallery-item'>\n\t\t\t<div class='gallery-icon landscape'>\n\t\t\t\t<a data-elementor-open-lightbox=\"yes\" data-elementor-lightbox-slideshow=\"00cffb4\" data-elementor-lightbox-title=\"Screen_Shot_2017-02-02_at_1.45.33_PM_vgvv21\" data-e-action-hash=\"#elementor-action%3Aaction%3Dlightbox%26settings%3DeyJpZCI6MjYwLCJ1cmwiOiJodHRwOlwvXC9jb3gubmV0LmJyXC9wYWdlXC93cC1jb250ZW50XC91cGxvYWRzXC8yMDE5XC8wMlwvU2NyZWVuX1Nob3RfMjAxNy0wMi0wMl9hdF8xLjQ1LjMzX1BNX3ZndnYyMS5wbmciLCJzbGlkZXNob3ciOiIwMGNmZmI0In0%3D\" href='http:\/\/cox.net.br\/page\/wp-content\/uploads\/2019\/02\/Screen_Shot_2017-02-02_at_1.45.33_PM_vgvv21.png'><img loading=\"lazy\" decoding=\"async\" width=\"150\" height=\"150\" src=\"http:\/\/cox.net.br\/page\/wp-content\/uploads\/2019\/02\/Screen_Shot_2017-02-02_at_1.45.33_PM_vgvv21-150x150.png\" class=\"attachment-thumbnail size-thumbnail\" alt=\"\" \/><\/a>\n\t\t\t<\/div><\/figure><figure class='gallery-item'>\n\t\t\t<div class='gallery-icon landscape'>\n\t\t\t\t<a data-elementor-open-lightbox=\"yes\" data-elementor-lightbox-slideshow=\"00cffb4\" data-elementor-lightbox-title=\"Screen_Shot_2017-02-02_at_1.45.44_PM_zdts4s\" data-e-action-hash=\"#elementor-action%3Aaction%3Dlightbox%26settings%3DeyJpZCI6MjYxLCJ1cmwiOiJodHRwOlwvXC9jb3gubmV0LmJyXC9wYWdlXC93cC1jb250ZW50XC91cGxvYWRzXC8yMDE5XC8wMlwvU2NyZWVuX1Nob3RfMjAxNy0wMi0wMl9hdF8xLjQ1LjQ0X1BNX3pkdHM0cy5wbmciLCJzbGlkZXNob3ciOiIwMGNmZmI0In0%3D\" href='http:\/\/cox.net.br\/page\/wp-content\/uploads\/2019\/02\/Screen_Shot_2017-02-02_at_1.45.44_PM_zdts4s.png'><img loading=\"lazy\" decoding=\"async\" width=\"150\" height=\"147\" src=\"http:\/\/cox.net.br\/page\/wp-content\/uploads\/2019\/02\/Screen_Shot_2017-02-02_at_1.45.44_PM_zdts4s-150x147.png\" class=\"attachment-thumbnail size-thumbnail\" alt=\"\" \/><\/a>\n\t\t\t<\/div><\/figure><figure class='gallery-item'>\n\t\t\t<div class='gallery-icon portrait'>\n\t\t\t\t<a data-elementor-open-lightbox=\"yes\" data-elementor-lightbox-slideshow=\"00cffb4\" data-elementor-lightbox-title=\"Screen_Shot_2017-02-02_at_1.46.44_PM_bx5qsa\" data-e-action-hash=\"#elementor-action%3Aaction%3Dlightbox%26settings%3DeyJpZCI6MjYyLCJ1cmwiOiJodHRwOlwvXC9jb3gubmV0LmJyXC9wYWdlXC93cC1jb250ZW50XC91cGxvYWRzXC8yMDE5XC8wMlwvU2NyZWVuX1Nob3RfMjAxNy0wMi0wMl9hdF8xLjQ2LjQ0X1BNX2J4NXFzYS5wbmciLCJzbGlkZXNob3ciOiIwMGNmZmI0In0%3D\" href='http:\/\/cox.net.br\/page\/wp-content\/uploads\/2019\/02\/Screen_Shot_2017-02-02_at_1.46.44_PM_bx5qsa.png'><img loading=\"lazy\" decoding=\"async\" width=\"144\" height=\"147\" src=\"http:\/\/cox.net.br\/page\/wp-content\/uploads\/2019\/02\/Screen_Shot_2017-02-02_at_1.46.44_PM_bx5qsa.png\" class=\"attachment-thumbnail size-thumbnail\" alt=\"\" \/><\/a>\n\t\t\t<\/div><\/figure><figure class='gallery-item'>\n\t\t\t<div class='gallery-icon landscape'>\n\t\t\t\t<a data-elementor-open-lightbox=\"yes\" data-elementor-lightbox-slideshow=\"00cffb4\" data-elementor-lightbox-title=\"Screen_Shot_2017-02-02_at_1.46.50_PM_icz4zc\" data-e-action-hash=\"#elementor-action%3Aaction%3Dlightbox%26settings%3DeyJpZCI6MjYzLCJ1cmwiOiJodHRwOlwvXC9jb3gubmV0LmJyXC9wYWdlXC93cC1jb250ZW50XC91cGxvYWRzXC8yMDE5XC8wMlwvU2NyZWVuX1Nob3RfMjAxNy0wMi0wMl9hdF8xLjQ2LjUwX1BNX2ljejR6Yy5wbmciLCJzbGlkZXNob3ciOiIwMGNmZmI0In0%3D\" href='http:\/\/cox.net.br\/page\/wp-content\/uploads\/2019\/02\/Screen_Shot_2017-02-02_at_1.46.50_PM_icz4zc.png'><img loading=\"lazy\" decoding=\"async\" width=\"147\" height=\"141\" src=\"http:\/\/cox.net.br\/page\/wp-content\/uploads\/2019\/02\/Screen_Shot_2017-02-02_at_1.46.50_PM_icz4zc.png\" class=\"attachment-thumbnail size-thumbnail\" alt=\"\" \/><\/a>\n\t\t\t<\/div><\/figure><figure class='gallery-item'>\n\t\t\t<div class='gallery-icon landscape'>\n\t\t\t\t<a data-elementor-open-lightbox=\"yes\" data-elementor-lightbox-slideshow=\"00cffb4\" data-elementor-lightbox-title=\"Screen_Shot_2017-02-02_at_1.46.55_PM_ys19u2\" data-e-action-hash=\"#elementor-action%3Aaction%3Dlightbox%26settings%3DeyJpZCI6MjY0LCJ1cmwiOiJodHRwOlwvXC9jb3gubmV0LmJyXC9wYWdlXC93cC1jb250ZW50XC91cGxvYWRzXC8yMDE5XC8wMlwvU2NyZWVuX1Nob3RfMjAxNy0wMi0wMl9hdF8xLjQ2LjU1X1BNX3lzMTl1Mi5wbmciLCJzbGlkZXNob3ciOiIwMGNmZmI0In0%3D\" href='http:\/\/cox.net.br\/page\/wp-content\/uploads\/2019\/02\/Screen_Shot_2017-02-02_at_1.46.55_PM_ys19u2.png'><img loading=\"lazy\" decoding=\"async\" width=\"148\" height=\"143\" src=\"http:\/\/cox.net.br\/page\/wp-content\/uploads\/2019\/02\/Screen_Shot_2017-02-02_at_1.46.55_PM_ys19u2.png\" class=\"attachment-thumbnail size-thumbnail\" alt=\"\" \/><\/a>\n\t\t\t<\/div><\/figure><figure class='gallery-item'>\n\t\t\t<div class='gallery-icon landscape'>\n\t\t\t\t<a data-elementor-open-lightbox=\"yes\" data-elementor-lightbox-slideshow=\"00cffb4\" data-elementor-lightbox-title=\"Screen_Shot_2017-02-02_at_1.47.00_PM_iprgif\" data-e-action-hash=\"#elementor-action%3Aaction%3Dlightbox%26settings%3DeyJpZCI6MjY1LCJ1cmwiOiJodHRwOlwvXC9jb3gubmV0LmJyXC9wYWdlXC93cC1jb250ZW50XC91cGxvYWRzXC8yMDE5XC8wMlwvU2NyZWVuX1Nob3RfMjAxNy0wMi0wMl9hdF8xLjQ3LjAwX1BNX2lwcmdpZi5wbmciLCJzbGlkZXNob3ciOiIwMGNmZmI0In0%3D\" href='http:\/\/cox.net.br\/page\/wp-content\/uploads\/2019\/02\/Screen_Shot_2017-02-02_at_1.47.00_PM_iprgif.png'><img loading=\"lazy\" decoding=\"async\" width=\"150\" height=\"146\" src=\"http:\/\/cox.net.br\/page\/wp-content\/uploads\/2019\/02\/Screen_Shot_2017-02-02_at_1.47.00_PM_iprgif-150x146.png\" class=\"attachment-thumbnail size-thumbnail\" alt=\"\" \/><\/a>\n\t\t\t<\/div><\/figure><figure class='gallery-item'>\n\t\t\t<div class='gallery-icon portrait'>\n\t\t\t\t<a data-elementor-open-lightbox=\"yes\" data-elementor-lightbox-slideshow=\"00cffb4\" data-elementor-lightbox-title=\"Screen_Shot_2017-02-02_at_1.47.05_PM_kwris8\" data-e-action-hash=\"#elementor-action%3Aaction%3Dlightbox%26settings%3DeyJpZCI6MjY2LCJ1cmwiOiJodHRwOlwvXC9jb3gubmV0LmJyXC9wYWdlXC93cC1jb250ZW50XC91cGxvYWRzXC8yMDE5XC8wMlwvU2NyZWVuX1Nob3RfMjAxNy0wMi0wMl9hdF8xLjQ3LjA1X1BNX2t3cmlzOC5wbmciLCJzbGlkZXNob3ciOiIwMGNmZmI0In0%3D\" href='http:\/\/cox.net.br\/page\/wp-content\/uploads\/2019\/02\/Screen_Shot_2017-02-02_at_1.47.05_PM_kwris8.png'><img loading=\"lazy\" decoding=\"async\" width=\"146\" height=\"148\" src=\"http:\/\/cox.net.br\/page\/wp-content\/uploads\/2019\/02\/Screen_Shot_2017-02-02_at_1.47.05_PM_kwris8.png\" class=\"attachment-thumbnail size-thumbnail\" alt=\"\" \/><\/a>\n\t\t\t<\/div><\/figure><figure class='gallery-item'>\n\t\t\t<div class='gallery-icon landscape'>\n\t\t\t\t<a data-elementor-open-lightbox=\"yes\" data-elementor-lightbox-slideshow=\"00cffb4\" data-elementor-lightbox-title=\"Screen_Shot_2017-02-02_at_1.47.13_PM_jopslh\" data-e-action-hash=\"#elementor-action%3Aaction%3Dlightbox%26settings%3DeyJpZCI6MjY3LCJ1cmwiOiJodHRwOlwvXC9jb3gubmV0LmJyXC9wYWdlXC93cC1jb250ZW50XC91cGxvYWRzXC8yMDE5XC8wMlwvU2NyZWVuX1Nob3RfMjAxNy0wMi0wMl9hdF8xLjQ3LjEzX1BNX2pvcHNsaC5wbmciLCJzbGlkZXNob3ciOiIwMGNmZmI0In0%3D\" href='http:\/\/cox.net.br\/page\/wp-content\/uploads\/2019\/02\/Screen_Shot_2017-02-02_at_1.47.13_PM_jopslh.png'><img loading=\"lazy\" decoding=\"async\" width=\"143\" height=\"141\" src=\"http:\/\/cox.net.br\/page\/wp-content\/uploads\/2019\/02\/Screen_Shot_2017-02-02_at_1.47.13_PM_jopslh.png\" class=\"attachment-thumbnail size-thumbnail\" alt=\"\" \/><\/a>\n\t\t\t<\/div><\/figure>\n\t\t<\/div>\n\t\t<\/div>\n\t\t\t\t<\/div>\n\t\t\t\t<\/div>\n\t\t\t\t\t<\/div>\n\t\t<\/div>\n\t\t\t\t\t<\/div>\n\t\t<\/section>\n\t\t\t\t<\/div>\n\t\t","protected":false},"excerpt":{"rendered":"<p>INVESTIMENTOS Investimento Direto via emiss\u00e3o prim\u00e1ria ou secund\u00e1ria Investimento Indireto Mezaninos e outros instrumentos financeiros Solu\u00e7\u00f5es de funding de curto e longo [&hellip;]<\/p>\n","protected":false},"author":1,"featured_media":0,"parent":0,"menu_order":0,"comment_status":"closed","ping_status":"closed","template":"elementor_header_footer","meta":{"footnotes":""},"_links":{"self":[{"href":"http:\/\/cox.net.br\/page\/wp-json\/wp\/v2\/pages\/232"}],"collection":[{"href":"http:\/\/cox.net.br\/page\/wp-json\/wp\/v2\/pages"}],"about":[{"href":"http:\/\/cox.net.br\/page\/wp-json\/wp\/v2\/types\/page"}],"author":[{"embeddable":true,"href":"http:\/\/cox.net.br\/page\/wp-json\/wp\/v2\/users\/1"}],"replies":[{"embeddable":true,"href":"http:\/\/cox.net.br\/page\/wp-json\/wp\/v2\/comments?post=232"}],"version-history":[{"count":9,"href":"http:\/\/cox.net.br\/page\/wp-json\/wp\/v2\/pages\/232\/revisions"}],"predecessor-version":[{"id":350,"href":"http:\/\/cox.net.br\/page\/wp-json\/wp\/v2\/pages\/232\/revisions\/350"}],"wp:attachment":[{"href":"http:\/\/cox.net.br\/page\/wp-json\/wp\/v2\/media?parent=232"}],"curies":[{"name":"wp","href":"https:\/\/api.w.org\/{rel}","templated":true}]}}